{"id":378,"date":"2021-09-09T01:17:10","date_gmt":"2021-09-09T01:17:10","guid":{"rendered":"https:\/\/african.aero\/?page_id=378"},"modified":"2021-09-09T01:17:10","modified_gmt":"2021-09-09T01:17:10","slug":"services-de-regulation-des-vols","status":"publish","type":"page","link":"https:\/\/african.aero\/fr\/services-de-regulation-des-vols\/","title":{"rendered":"SERVICES DE R\u00c9GULATION DES VOLS"},"content":{"rendered":"[vc_row type=\u00a0\u00bbin_container\u00a0\u00bb full_screen_row_position=\u00a0\u00bbmiddle\u00a0\u00bb column_margin=\u00a0\u00bbdefault\u00a0\u00bb column_direction=\u00a0\u00bbdefault\u00a0\u00bb column_direction_tablet=\u00a0\u00bbdefault\u00a0\u00bb column_direction_phone=\u00a0\u00bbdefault\u00a0\u00bb scene_position=\u00a0\u00bbcenter\u00a0\u00bb top_padding=\u00a0\u00bb60&Prime; bottom_padding=\u00a0\u00bb60&Prime; text_color=\u00a0\u00bbdark\u00a0\u00bb text_align=\u00a0\u00bbleft\u00a0\u00bb row_border_radius=\u00a0\u00bbnone\u00a0\u00bb row_border_radius_applies=\u00a0\u00bbbg\u00a0\u00bb overlay_strength=\u00a0\u00bb0.3&Prime; gradient_direction=\u00a0\u00bbleft_to_right\u00a0\u00bb shape_divider_position=\u00a0\u00bbbottom\u00a0\u00bb bg_image_animation=\u00a0\u00bbnone\u00a0\u00bb shape_type=\u00a0\u00bb\u00a0\u00bb][vc_column column_padding=\u00a0\u00bbno-extra-padding\u00a0\u00bb column_padding_tablet=\u00a0\u00bbinherit\u00a0\u00bb column_padding_phone=\u00a0\u00bbinherit\u00a0\u00bb column_padding_position=\u00a0\u00bball\u00a0\u00bb background_color_opacity=\u00a0\u00bb1&Prime; background_hover_color_opacity=\u00a0\u00bb1&Prime; column_shadow=\u00a0\u00bbnone\u00a0\u00bb column_border_radius=\u00a0\u00bbnone\u00a0\u00bb column_link_target=\u00a0\u00bb_self\u00a0\u00bb gradient_direction=\u00a0\u00bbleft_to_right\u00a0\u00bb overlay_strength=\u00a0\u00bb0.3&Prime; width=\u00a0\u00bb1\/1&Prime; tablet_width_inherit=\u00a0\u00bbdefault\u00a0\u00bb tablet_text_alignment=\u00a0\u00bbdefault\u00a0\u00bb phone_text_alignment=\u00a0\u00bbdefault\u00a0\u00bb column_border_width=\u00a0\u00bbnone\u00a0\u00bb column_border_style=\u00a0\u00bbsolid\u00a0\u00bb bg_image_animation=\u00a0\u00bbnone\u00a0\u00bb][vc_column_text]\n<h3 style=\"text-align: center;\"><span style=\"color: #2a267d;\">SERVICES DE R\u00c9GULATION DES VOLS <\/span><\/h3>\n<p>Les dispatchers AFS sont \u00e9quip\u00e9s de syst\u00e8mes sophistiqu\u00e9s fonctionnant 24 heures sur 24 et 7 jours sur 7 pour cr\u00e9er et g\u00e9n\u00e9rer des plans de vol qui permettent \u00e0 l&rsquo;exploitant d&rsquo;un a\u00e9ronef d&rsquo;\u00e9conomiser de l&rsquo;argent gr\u00e2ce \u00e0 des techniques de r\u00e9duction de la consommation de carburant et d&rsquo;\u00e9viter les r\u00e9gions restreintes et les zones dangereuses d\u00e9clar\u00e9es par la \u00ab\u00a0Federal Aviation Administration\u00a0(FAA)\u00a0\u00bb et l&rsquo;Agence europ\u00e9enne de la s\u00e9curit\u00e9 a\u00e9rienne (l&rsquo;EASA).<\/p>\n<p>Nos dispatchers ont une licence et une grande exp\u00e9rience dans le domaine de la m\u00e9t\u00e9orologie, du contr\u00f4le du trafic a\u00e9rien, du pilotage et du droit a\u00e9rien. Ils gardent toujours un \u0153il sur les situations et les avis mondiaux et prennent les mesures n\u00e9cessaires pour rester en conformit\u00e9 avec l&rsquo;annexe 19 de l&rsquo;OACI.<\/p>\n<p>Les sp\u00e9cialistes d&rsquo;AFS sont pr\u00eats \u00e0 pr\u00e9parer pour vous un plan de vol efficace \u00e0 destination et en provenance de n&rsquo;importe quel endroit dans le monde ; nous pouvons vous aider \u00e0 cr\u00e9er une ligne alternative \u00e0 court terme en cas de changement urgent de plan et, en cas de retard impr\u00e9vu du vol, nous nous assurons que le plan de vol est revalid\u00e9 toutes les heures.<br \/>\n&#8211; Plans d&rsquo;essai<br \/>\n&#8211; Plans de vol<br \/>\n&#8211; Plans de vol ETOPS<br \/>\n&#8211; D\u00e9p\u00f4t des plans de vol aupr\u00e8s de l&rsquo;ATC<br \/>\n&#8211; Planification des lignes<br \/>\n&#8211; Cartes de vent et de temp\u00e9rature<br \/>\n&#8211; Cartes des ph\u00e9nom\u00e8nes m\u00e9t\u00e9orologiques significatifs[\/vc_column_text][\/vc_column][\/vc_row]\n","protected":false},"excerpt":{"rendered":"<p>[vc_row type=\u00a0\u00bbin_container\u00a0\u00bb full_screen_row_position=\u00a0\u00bbmiddle\u00a0\u00bb column_margin=\u00a0\u00bbdefault\u00a0\u00bb column_direction=\u00a0\u00bbdefault\u00a0\u00bb column_direction_tablet=\u00a0\u00bbdefault\u00a0\u00bb column_direction_phone=\u00a0\u00bbdefault\u00a0\u00bb scene_position=\u00a0\u00bbcenter\u00a0\u00bb top_padding=\u00a0\u00bb60&Prime; bottom_padding=\u00a0\u00bb60&Prime; text_color=\u00a0\u00bbdark\u00a0\u00bb text_align=\u00a0\u00bbleft\u00a0\u00bb row_border_radius=\u00a0\u00bbnone\u00a0\u00bb row_border_radius_applies=\u00a0\u00bbbg\u00a0\u00bb overlay_strength=\u00a0\u00bb0.3&Prime; gradient_direction=\u00a0\u00bbleft_to_right\u00a0\u00bb shape_divider_position=\u00a0\u00bbbottom\u00a0\u00bb bg_image_animation=\u00a0\u00bbnone\u00a0\u00bb shape_type=\u00a0\u00bb\u00a0\u00bb][vc_column column_padding=\u00a0\u00bbno-extra-padding\u00a0\u00bb column_padding_tablet=\u00a0\u00bbinherit\u00a0\u00bb column_padding_phone=\u00a0\u00bbinherit\u00a0\u00bb column_padding_position=\u00a0\u00bball\u00a0\u00bb background_color_opacity=\u00a0\u00bb1&Prime; background_hover_color_opacity=\u00a0\u00bb1&Prime; column_shadow=\u00a0\u00bbnone\u00a0\u00bb column_border_radius=\u00a0\u00bbnone\u00a0\u00bb column_link_target=\u00a0\u00bb_self\u00a0\u00bb gradient_direction=\u00a0\u00bbleft_to_right\u00a0\u00bb overlay_strength=\u00a0\u00bb0.3&Prime;&#8230;<\/p>\n","protected":false},"author":1,"featured_media":0,"parent":0,"menu_order":0,"comment_status":"closed","ping_status":"closed","template":"","meta":{"footnotes":""},"class_list":["post-378","page","type-page","status-publish"],"_links":{"self":[{"href":"https:\/\/african.aero\/fr\/wp-json\/wp\/v2\/pages\/378"}],"collection":[{"href":"https:\/\/african.aero\/fr\/wp-json\/wp\/v2\/pages"}],"about":[{"href":"https:\/\/african.aero\/fr\/wp-json\/wp\/v2\/types\/page"}],"author":[{"embeddable":true,"href":"https:\/\/african.aero\/fr\/wp-json\/wp\/v2\/users\/1"}],"replies":[{"embeddable":true,"href":"https:\/\/african.aero\/fr\/wp-json\/wp\/v2\/comments?post=378"}],"version-history":[{"count":2,"href":"https:\/\/african.aero\/fr\/wp-json\/wp\/v2\/pages\/378\/revisions"}],"predecessor-version":[{"id":383,"href":"https:\/\/african.aero\/fr\/wp-json\/wp\/v2\/pages\/378\/revisions\/383"}],"wp:attachment":[{"href":"https:\/\/african.aero\/fr\/wp-json\/wp\/v2\/media?parent=378"}],"curies":[{"name":"wp","href":"https:\/\/api.w.org\/{rel}","templated":true}]}}